{"id":262,"date":"2017-04-04T09:37:41","date_gmt":"2017-04-04T09:37:41","guid":{"rendered":"http:\/\/www.shijak.gov.al\/?page_id=262"},"modified":"2026-04-09T10:55:01","modified_gmt":"2026-04-09T10:55:01","slug":"anetaret-e-keshillit-bashkiak","status":"publish","type":"page","link":"https:\/\/memaliaj.gov.al\/?page_id=262","title":{"rendered":"An\u00ebtar\u00ebt e K\u00ebshillit Bashkiak"},"content":{"rendered":"\n<p>Anetaret e Keshillit Bashkiak Memaliaj<\/p>\n\n\n\n<div data-wp-interactive=\"core\/file\" class=\"wp-block-file\"><object data-wp-bind--hidden=\"!state.hasPdfPreview\" hidden class=\"wp-block-file__embed\" data=\"https:\/\/memaliaj.gov.al\/wp-content\/uploads\/2026\/04\/TE-DHENAT-E-KESHILLTAREVE-2023.pdf\" type=\"application\/pdf\" style=\"width:100%;height:600px\" aria-label=\"Embed of TE-DHENAT-E-KESHILLTAREVE-2023.\"><\/object><a id=\"wp-block-file--media-a60f2d4e-0901-47f8-873b-8c1ec837e113\" href=\"https:\/\/memaliaj.gov.al\/wp-content\/uploads\/2026\/04\/TE-DHENAT-E-KESHILLTAREVE-2023.pdf\">TE-DHENAT-E-KESHILLTAREVE-2023<\/a><a href=\"https:\/\/memaliaj.gov.al\/wp-content\/uploads\/2026\/04\/TE-DHENAT-E-KESHILLTAREVE-2023.pdf\" class=\"wp-block-file__button wp-element-button\" download aria-describedby=\"wp-block-file--media-a60f2d4e-0901-47f8-873b-8c1ec837e113\">Download<\/a><\/div>\n","protected":false},"excerpt":{"rendered":"<p>Anetaret e Keshillit Bashkiak Memaliaj<\/p>\n","protected":false},"author":1,"featured_media":0,"parent":0,"menu_order":0,"comment_status":"closed","ping_status":"closed","template":"","meta":{"footnotes":""},"class_list":["post-262","page","type-page","status-publish","hentry"],"_links":{"self":[{"href":"https:\/\/memaliaj.gov.al\/index.php?rest_route=\/wp\/v2\/pages\/262","targetHints":{"allow":["GET"]}}],"collection":[{"href":"https:\/\/memaliaj.gov.al\/index.php?rest_route=\/wp\/v2\/pages"}],"about":[{"href":"https:\/\/memaliaj.gov.al\/index.php?rest_route=\/wp\/v2\/types\/page"}],"author":[{"embeddable":true,"href":"https:\/\/memaliaj.gov.al\/index.php?rest_route=\/wp\/v2\/users\/1"}],"replies":[{"embeddable":true,"href":"https:\/\/memaliaj.gov.al\/index.php?rest_route=%2Fwp%2Fv2%2Fcomments&post=262"}],"version-history":[{"count":5,"href":"https:\/\/memaliaj.gov.al\/index.php?rest_route=\/wp\/v2\/pages\/262\/revisions"}],"predecessor-version":[{"id":3666,"href":"https:\/\/memaliaj.gov.al\/index.php?rest_route=\/wp\/v2\/pages\/262\/revisions\/3666"}],"wp:attachment":[{"href":"https:\/\/memaliaj.gov.al\/index.php?rest_route=%2Fwp%2Fv2%2Fmedia&parent=262"}],"curies":[{"name":"wp","href":"https:\/\/api.w.org\/{rel}","templated":true}]}}