{"id":2951,"date":"2021-12-15T11:19:48","date_gmt":"2021-12-15T10:19:48","guid":{"rendered":"http:\/\/www.shijak.gov.al\/?page_id=2941"},"modified":"2022-04-12T17:01:40","modified_gmt":"2022-04-12T17:01:40","slug":"struktura-e-keshillit-bashkiak","status":"publish","type":"page","link":"https:\/\/memaliaj.gov.al\/?page_id=2951","title":{"rendered":"Struktura e Keshillit Bashkiak"},"content":{"rendered":"<p>[vc_row][vc_column][vc_column_text]\n<ul>\n<li>K\u00ebshilltar\u00eb &#8211; 21<\/li>\n<li>Kryetar i K\u00ebshillit Bashkiak<\/li>\n<li>Zv\/ Kryetare e K\u00ebshillit Bashkiak<\/li>\n<li>Zv\/ Kryetar i K\u00ebshillit Bashkiak<\/li>\n<li>Sekretare e K\u00ebshillit Bashkiak<\/li>\n<\/ul>\n<p>[\/vc_column_text][\/vc_column][\/vc_row]\n","protected":false},"excerpt":{"rendered":"<p>[vc_row][vc_column][vc_column_text] K\u00ebshilltar\u00eb &#8211; 21 Kryetar i K\u00ebshillit Bashkiak Zv\/ Kryetare e K\u00ebshillit Bashkiak Zv\/ Kryetar i K\u00ebshillit Bashkiak Sekretare e K\u00ebshillit Bashkiak [\/vc_column_text][\/vc_column][\/vc_row]<\/p>\n","protected":false},"author":1,"featured_media":0,"parent":0,"menu_order":0,"comment_status":"closed","ping_status":"closed","template":"","meta":{"footnotes":""},"class_list":["post-2951","page","type-page","status-publish","hentry"],"_links":{"self":[{"href":"https:\/\/memaliaj.gov.al\/index.php?rest_route=\/wp\/v2\/pages\/2951","targetHints":{"allow":["GET"]}}],"collection":[{"href":"https:\/\/memaliaj.gov.al\/index.php?rest_route=\/wp\/v2\/pages"}],"about":[{"href":"https:\/\/memaliaj.gov.al\/index.php?rest_route=\/wp\/v2\/types\/page"}],"author":[{"embeddable":true,"href":"https:\/\/memaliaj.gov.al\/index.php?rest_route=\/wp\/v2\/users\/1"}],"replies":[{"embeddable":true,"href":"https:\/\/memaliaj.gov.al\/index.php?rest_route=%2Fwp%2Fv2%2Fcomments&post=2951"}],"version-history":[{"count":1,"href":"https:\/\/memaliaj.gov.al\/index.php?rest_route=\/wp\/v2\/pages\/2951\/revisions"}],"predecessor-version":[{"id":3166,"href":"https:\/\/memaliaj.gov.al\/index.php?rest_route=\/wp\/v2\/pages\/2951\/revisions\/3166"}],"wp:attachment":[{"href":"https:\/\/memaliaj.gov.al\/index.php?rest_route=%2Fwp%2Fv2%2Fmedia&parent=2951"}],"curies":[{"name":"wp","href":"https:\/\/api.w.org\/{rel}","templated":true}]}}