{"id":2955,"date":"2021-12-15T11:23:02","date_gmt":"2021-12-15T10:23:02","guid":{"rendered":"http:\/\/www.shijak.gov.al\/?page_id=2949"},"modified":"2026-04-27T11:04:39","modified_gmt":"2026-04-27T11:04:39","slug":"njoftimet-e-keshillit-bashkiak","status":"publish","type":"page","link":"https:\/\/memaliaj.gov.al\/?page_id=2955","title":{"rendered":"Njoftimet e Keshillit Bashkiak"},"content":{"rendered":"<p>[vc_row][vc_column][vc_column_text][\/vc_column_text][\/vc_column][\/vc_row][vc_row][vc_column][vc_column_text][\/vc_column_text][\/vc_column][\/vc_row]\n<p><em><strong>Kliko linkun me poshte :<\/strong><\/em><\/p>\n<p><a href=\"https:\/\/memaliaj.gov.al\/wp-content\/uploads\/2026\/04\/Njoftimi-per-mbledhjen-e-muajit-Prill-2026.pdf\">Njoftimi per mbledhjen e muajit Prill 2026<\/a><\/p>\n<p><a href=\"https:\/\/memaliaj.gov.al\/wp-content\/uploads\/2026\/04\/Vendimi-per-miratimin-e-rendit-te-dites-per-daten-30-mars-2026-1.pdf\">Vendimi p\u00ebr miratimin e rendit t\u00eb dit\u00ebs p\u00ebr dat\u00ebn 30 mars 2026<\/a><\/p>\n<p><a href=\"https:\/\/memaliaj.gov.al\/wp-content\/uploads\/2026\/04\/Njoftim-per-mbledhjen-e-keshillit-per-muajin-mars-2026.pdf\">Njoftim p\u00ebr mbledhjen e k\u00ebshillit p\u00ebr muajin mars 2026<\/a><\/p>\n<p><a href=\"https:\/\/memaliaj.gov.al\/wp-content\/uploads\/2026\/02\/Njoftim-per-mbledhjen-e-KB-per-muajin-Shkurt-2026.pdf\">Njoftim p\u00ebr mbledhjen e KB p\u00ebr muajin Shkurt 2026<\/a><\/p>\n<p><a href=\"https:\/\/memaliaj.gov.al\/wp-content\/uploads\/2026\/02\/Njoftim-per-mbledhjen-e-komisioneve-te-perhereshme.pdf\">Njoftim p\u00ebr mbledhjen e komisioneve t\u00eb p\u00ebrher\u00ebshme<\/a><\/p>\n<p><a href=\"https:\/\/memaliaj.gov.al\/wp-content\/uploads\/2026\/01\/Njoftim-per-mbledhjen-e-keshillit-1.pdf\">Njoftim p\u00ebr mbledhjen e k\u00ebshillit\u00a0 30 Janar 2026<\/a><\/p>\n<p><a href=\"https:\/\/memaliaj.gov.al\/wp-content\/uploads\/2026\/01\/Vendimi-i-kryesise-Nr.-1.pdf\">Vendimi i kryesise Nr. 1<\/a><\/p>\n<p><a href=\"https:\/\/memaliaj.gov.al\/wp-content\/uploads\/2026\/01\/Njoftim-per-mbledhje-Keshilli-29-Dhjetor-2025.pdf\">Njoftim per mbledhje Keshilli 29 Dhjetor 2025<\/a><\/p>\n<p><a href=\"https:\/\/memaliaj.gov.al\/wp-content\/uploads\/2026\/01\/Miratimi-nga-kryesia-i-rendit-te-dites-29-Dhjetor-2025.pdf\">Miratimi nga kryesia i rendit te dites 29 Dhjetor 2025<\/a><\/p>\n<p>Njoftim per mbledhjen e KB<\/p>\n<p><a href=\"https:\/\/memaliaj.gov.al\/wp-content\/uploads\/2026\/01\/Njoftim-per-mbledhjen-e-komisioneve.pdf\">Njoftim per mbledhjen e komisioneve<\/a><\/p>\n<p><a href=\"https:\/\/memaliaj.gov.al\/wp-content\/uploads\/2026\/01\/BAROMETRI-GJINOR-Bashkia-Memaliaj-2025.pdf\">BAROMETRI GJINOR Bashkia Memaliaj 2025<\/a><\/p>\n<p id=\"\"><a href=\"https:\/\/memaliaj.gov.al\/wp-content\/uploads\/2025\/12\/Njoftim-per-mbledhjen-e-keshillit-bashkiak.pdf\">Njoftim p\u00ebr mbledhjen e k\u00ebshillit bashkiak<\/a><\/p>\n<p><a href=\"https:\/\/memaliaj.gov.al\/wp-content\/uploads\/2025\/12\/Njoftim-per-mbledhjen-e-muajit-Dhjetor.pdf\">Njoftim per mbledhjen e muajit Dhjetor<\/a><\/p>\n<p><a href=\"https:\/\/memaliaj.gov.al\/wp-content\/uploads\/2025\/12\/Njoftim-per-mbledhje-keshilli-27-Nentor-2025.pdf\">Njoftim p\u00ebr mbledhje k\u00ebshilli 27 Nentor 2025<\/a><\/p>\n<p><a href=\"https:\/\/memaliaj.gov.al\/wp-content\/uploads\/2025\/12\/Miratimi-nga-kryesia-i-rendit-te-dites-mbledhja-KB-27-Nentor-2025.pdf\">Miratimi nga kryesia i rendit te dites mbledhja KB 27 Nentor 2025<\/a><\/p>\n<p><a href=\"https:\/\/memaliaj.gov.al\/wp-content\/uploads\/2025\/12\/Njoftim-per-mbledhjen-e-komisioneve-Nentor-2025.pdf\">Njoftim p\u00ebr mbledhjen e komisioneve Nentor 2025<\/a><\/p>\n<p><a href=\"https:\/\/memaliaj.gov.al\/wp-content\/uploads\/2025\/08\/Njoftim-per-mledhjen-e-muajit-Gusht-2025-1.pdf\">Njoftim per mledhjen e muajit Gusht 2025<\/a><\/p>\n<p><a href=\"https:\/\/memaliaj.gov.al\/wp-content\/uploads\/2025\/08\/Njoftim-per-mbledhjen-e-komisioneve.pdf\">Njoftim per mbledhjen e komisioneve<\/a><\/p>\n<p><a href=\"https:\/\/memaliaj.gov.al\/wp-content\/uploads\/2025\/09\/Vendimi-nr-9-1.pdf\">Miratimi nga Kryesia i rrendit te dites per Muajin Gusht 2025<\/a><\/p>\n<p id=\"\"><a href=\"https:\/\/memaliaj.gov.al\/wp-content\/uploads\/2025\/09\/Relacion.pdf\">Relacion<\/a><\/p>\n<p id=\"\"><a href=\"https:\/\/memaliaj.gov.al\/wp-content\/uploads\/2025\/09\/Njoftimi-i-mbledhjes.pdf\">Njoftimi i mbledhjes per muajin Shtator 2025<\/a><\/p>\n<p id=\"\"><a href=\"https:\/\/memaliaj.gov.al\/wp-content\/uploads\/2025\/09\/NJOFTIM-KOMISIONI.pdf\">Njoftim komisionit<\/a><\/p>\n<p id=\"\"><a href=\"https:\/\/memaliaj.gov.al\/wp-content\/uploads\/2025\/10\/VENDIM-KRYESIE.pdf\">Miratim nga Kryesia i rrendit te dites per Muajin Shtator 2025<\/a><\/p>\n<p id=\"\"><a href=\"https:\/\/memaliaj.gov.al\/wp-content\/uploads\/2025\/10\/Barometri-Gjinor-2025-Bashkia-Memaliaj.docx\">Barometri Gjinor 2025 Bashkia Memaliaj<\/a><\/p>\n<p id=\"\"><a href=\"https:\/\/memaliaj.gov.al\/wp-content\/uploads\/2025\/10\/Njoftim-per-mbledhje-komisioni-per-muajin-Tetor-2025.pdf\">Njoftim p\u00ebr mbledhje komisioni per muajin Tetor 2025<\/a><\/p>\n<p id=\"\"><a href=\"https:\/\/memaliaj.gov.al\/wp-content\/uploads\/2025\/10\/Njoftim-i-mbledhjes-per-muajin-Tetor-2025.pdf\">Njoftim i mbledhjes per muajin Tetor 2025<\/a><\/p>\n<p id=\"\"><a href=\"https:\/\/memaliaj.gov.al\/wp-content\/uploads\/2025\/10\/Vendim-kryesie-Muaji-Tetor-2025.pdf\">Vendim kryesie Muaji Tetor 2025<\/a><\/p>\n","protected":false},"excerpt":{"rendered":"<p>[vc_row][vc_column][vc_column_text][\/vc_column_text][\/vc_column][\/vc_row][vc_row][vc_column][vc_column_text][\/vc_column_text][\/vc_column][\/vc_row] Kliko linkun me poshte : Njoftimi per mbledhjen e muajit Prill 2026 Vendimi p\u00ebr miratimin e rendit t\u00eb dit\u00ebs p\u00ebr dat\u00ebn 30 mars 2026 Njoftim p\u00ebr mbledhjen e k\u00ebshillit p\u00ebr muajin mars 2026 Njoftim p\u00ebr mbledhjen e KB p\u00ebr muajin Shkurt 2026 Njoftim p\u00ebr mbledhjen e komisioneve t\u00eb p\u00ebrher\u00ebshme Njoftim p\u00ebr mbledhjen e k\u00ebshillit\u00a0 [&hellip;]<\/p>\n","protected":false},"author":1,"featured_media":0,"parent":0,"menu_order":0,"comment_status":"closed","ping_status":"closed","template":"","meta":{"footnotes":""},"class_list":["post-2955","page","type-page","status-publish","hentry"],"_links":{"self":[{"href":"https:\/\/memaliaj.gov.al\/index.php?rest_route=\/wp\/v2\/pages\/2955","targetHints":{"allow":["GET"]}}],"collection":[{"href":"https:\/\/memaliaj.gov.al\/index.php?rest_route=\/wp\/v2\/pages"}],"about":[{"href":"https:\/\/memaliaj.gov.al\/index.php?rest_route=\/wp\/v2\/types\/page"}],"author":[{"embeddable":true,"href":"https:\/\/memaliaj.gov.al\/index.php?rest_route=\/wp\/v2\/users\/1"}],"replies":[{"embeddable":true,"href":"https:\/\/memaliaj.gov.al\/index.php?rest_route=%2Fwp%2Fv2%2Fcomments&post=2955"}],"version-history":[{"count":41,"href":"https:\/\/memaliaj.gov.al\/index.php?rest_route=\/wp\/v2\/pages\/2955\/revisions"}],"predecessor-version":[{"id":3719,"href":"https:\/\/memaliaj.gov.al\/index.php?rest_route=\/wp\/v2\/pages\/2955\/revisions\/3719"}],"wp:attachment":[{"href":"https:\/\/memaliaj.gov.al\/index.php?rest_route=%2Fwp%2Fv2%2Fmedia&parent=2955"}],"curies":[{"name":"wp","href":"https:\/\/api.w.org\/{rel}","templated":true}]}}