{"id":80,"date":"2017-11-07T13:21:24","date_gmt":"2017-11-07T13:21:24","guid":{"rendered":"http:\/\/localhost\/wordpress\/townpress-content\/?page_id=80"},"modified":"2026-04-08T09:21:25","modified_gmt":"2026-04-08T09:21:25","slug":"home-1","status":"publish","type":"page","link":"https:\/\/memaliaj.gov.al\/","title":{"rendered":"Mir\u00eb se erdh\u00ebt n\u00eb Bashkin\u00eb Memaliaj"},"content":{"rendered":"<p>[vc_row css=&#8221;.vc_custom_1649775035379{background-color: #ffffff !important;}&#8221;][vc_column][\/vc_column][\/vc_row][vc_row][vc_column][vc_column_text]\n<p><a href=\"https:\/\/memaliaj.gov.al\/wp-content\/uploads\/2026\/04\/Njoftim-per-vend-te-lire-pune-ne-sherbimin-e-MZSH.docx\">Njoftim per vend te lire pune n\u00eb sh\u00ebrbimin e MZSH<\/a><\/p>\n<p><a href=\"https:\/\/memaliaj.gov.al\/wp-content\/uploads\/2026\/03\/Njoftim-mbi-rezultatet-e-ngritjes-ne-detyre.pdf\">Njoftim mbi rezultatet e ngritjes ne detyre<\/a><\/p>\n<p><a href=\"https:\/\/memaliaj.gov.al\/wp-content\/uploads\/2026\/03\/Njoftim-mbi-rezultatet-e-pranimit-ne-sherbimin-civil.pdf\">Njoftim mbi rezultatet e pranimit ne sherbimin civil<\/a><\/p>\n<p><a href=\"https:\/\/memaliaj.gov.al\/wp-content\/uploads\/2026\/03\/Njoftimet-e-verifikimeve-paraprak-per-levizjen-paralele-Bashkia-Memaliaj.pdf\">Njoftimet e verifikimeve paraprak per levizjen paralele ,Bashkia Memaliaj<\/a><\/p>\n<p><a href=\"https:\/\/memaliaj.gov.al\/wp-content\/uploads\/2026\/03\/Njoftim-mbi-rezultatet-e-verifikimit-paraprak-Prgj.Tatim-Taksat.pdf\">Njoftim mbi rezultatet e verifikimit paraprak Prgj.Tatim Taksat<\/a><\/p>\n<p><a href=\"https:\/\/memaliaj.gov.al\/wp-content\/uploads\/2026\/02\/njoftim-per-vend-te-lire-pune.pdf\">njoftim per vend te lire pune<\/a><\/p>\n<p><a href=\"https:\/\/memaliaj.gov.al\/wp-content\/uploads\/2026\/02\/Njoftim-per-vend-vakant-Pergjegjes-sektori-ne-drejtorine-e-finances.pdf\">Njoftim per vend vakant Pergjegjes sektori ne drejtorine e finances<\/a><\/p>\n<p><a href=\"https:\/\/memaliaj.gov.al\/wp-content\/uploads\/2026\/02\/Njoftim-per-vend-te-lire-pune-Drejtor-ne-drejtorine-juridike.pdf\">Njoftim per vend te lire pune Drejtor ne drejtorine juridike<\/a><\/p>\n<p><a href=\"https:\/\/memaliaj.gov.al\/wp-content\/uploads\/2026\/01\/Memaliaj-Raporti-Performances-pdf.pdf\">Memaliaj-Raporti-Performances pdf<\/a><\/p>\n<p>Rraporetet e vendimarjes se komisioneve te KB<\/p>\n<p id=\"\"><a href=\"https:\/\/memaliaj.gov.al\/wp-content\/uploads\/2025\/12\/Kthim-Pergjigjet-nentor-2025.pdf\">Kthim Pergjigjet nentor 2025<\/a><\/p>\n<p>[\/vc_column_text][\/vc_column][\/vc_row]\n","protected":false},"excerpt":{"rendered":"<p>[vc_row css=&#8221;.vc_custom_1649775035379{background-color: #ffffff !important;}&#8221;][vc_column][\/vc_column][\/vc_row][vc_row][vc_column][vc_column_text] Njoftim per vend te lire pune n\u00eb sh\u00ebrbimin e MZSH Njoftim mbi rezultatet e ngritjes ne detyre Njoftim mbi rezultatet e pranimit ne sherbimin civil Njoftimet e verifikimeve paraprak per levizjen paralele ,Bashkia Memaliaj Njoftim mbi rezultatet e verifikimit paraprak Prgj.Tatim Taksat njoftim per vend te lire pune Njoftim per vend [&hellip;]<\/p>\n","protected":false},"author":1,"featured_media":0,"parent":0,"menu_order":0,"comment_status":"closed","ping_status":"closed","template":"page-templates\/not-boxed.php","meta":{"footnotes":""},"class_list":["post-80","page","type-page","status-publish","hentry"],"_links":{"self":[{"href":"https:\/\/memaliaj.gov.al\/index.php?rest_route=\/wp\/v2\/pages\/80","targetHints":{"allow":["GET"]}}],"collection":[{"href":"https:\/\/memaliaj.gov.al\/index.php?rest_route=\/wp\/v2\/pages"}],"about":[{"href":"https:\/\/memaliaj.gov.al\/index.php?rest_route=\/wp\/v2\/types\/page"}],"author":[{"embeddable":true,"href":"https:\/\/memaliaj.gov.al\/index.php?rest_route=\/wp\/v2\/users\/1"}],"replies":[{"embeddable":true,"href":"https:\/\/memaliaj.gov.al\/index.php?rest_route=%2Fwp%2Fv2%2Fcomments&post=80"}],"version-history":[{"count":26,"href":"https:\/\/memaliaj.gov.al\/index.php?rest_route=\/wp\/v2\/pages\/80\/revisions"}],"predecessor-version":[{"id":3658,"href":"https:\/\/memaliaj.gov.al\/index.php?rest_route=\/wp\/v2\/pages\/80\/revisions\/3658"}],"wp:attachment":[{"href":"https:\/\/memaliaj.gov.al\/index.php?rest_route=%2Fwp%2Fv2%2Fmedia&parent=80"}],"curies":[{"name":"wp","href":"https:\/\/api.w.org\/{rel}","templated":true}]}}